{"id":9,"date":"2022-04-11T18:04:00","date_gmt":"2022-04-11T18:04:00","guid":{"rendered":"https:\/\/optikapm.eu\/obchod\/moj-ucet\/"},"modified":"2022-04-19T07:45:41","modified_gmt":"2022-04-19T07:45:41","slug":"moj-ucet","status":"publish","type":"page","link":"https:\/\/optikapm.eu\/obchod\/moj-ucet\/","title":{"rendered":"M\u00f4j \u00fa\u010det"},"content":{"rendered":"<div class=\"woocommerce\"><\/div>","protected":false},"excerpt":{"rendered":"","protected":false},"author":1,"featured_media":0,"parent":0,"menu_order":0,"comment_status":"closed","ping_status":"closed","template":"elementor_theme","meta":{"footnotes":""},"class_list":["post-9","page","type-page","status-publish","hentry"],"_links":{"self":[{"href":"https:\/\/optikapm.eu\/obchod\/wp-json\/wp\/v2\/pages\/9","targetHints":{"allow":["GET"]}}],"collection":[{"href":"https:\/\/optikapm.eu\/obchod\/wp-json\/wp\/v2\/pages"}],"about":[{"href":"https:\/\/optikapm.eu\/obchod\/wp-json\/wp\/v2\/types\/page"}],"author":[{"embeddable":true,"href":"https:\/\/optikapm.eu\/obchod\/wp-json\/wp\/v2\/users\/1"}],"replies":[{"embeddable":true,"href":"https:\/\/optikapm.eu\/obchod\/wp-json\/wp\/v2\/comments?post=9"}],"version-history":[{"count":1,"href":"https:\/\/optikapm.eu\/obchod\/wp-json\/wp\/v2\/pages\/9\/revisions"}],"predecessor-version":[{"id":3815,"href":"https:\/\/optikapm.eu\/obchod\/wp-json\/wp\/v2\/pages\/9\/revisions\/3815"}],"wp:attachment":[{"href":"https:\/\/optikapm.eu\/obchod\/wp-json\/wp\/v2\/media?parent=9"}],"curies":[{"name":"wp","href":"https:\/\/api.w.org\/{rel}","templated":true}]}}