{"id":200,"date":"2022-04-13T12:45:32","date_gmt":"2022-04-13T12:45:32","guid":{"rendered":"https:\/\/optikapm.eu\/obchod\/?post_type=product&#038;p=200"},"modified":"2022-04-16T06:49:48","modified_gmt":"2022-04-16T06:49:48","slug":"miru-mesacne-kontaktne-sosovky-6ks","status":"publish","type":"product","link":"https:\/\/optikapm.eu\/obchod\/produkt\/miru-mesacne-kontaktne-sosovky-6ks\/","title":{"rendered":"Miru MESA\u010cN\u00c9 kontaktn\u00e9 \u0161o\u0161ovky 6ks"},"content":{"rendered":"<p>Kontaktn\u00e9 \u0161o\u0161ovky Miru 1month Menicon s\u00fa mesa\u010dn\u00e9 \u0161o\u0161ovky navrhnut\u00e9 tak, aby zni\u017eovali pocit such\u00e9ho oka. Ich n\u00e1zov je odvoden\u00fd od japonsk\u00e9ho slova miru \u2013 \u201evidie\u0165\u201c. \u0160o\u0161ovky Miru sa vyzna\u010duj\u00fa jednou z najvy\u0161\u0161\u00edch priepustnost\u00ed kysl\u00edka a v\u010faka pou\u017eit\u00fdm technol\u00f3gi\u00e1m MeniSilk a Nanogloss zabezpe\u010duj\u00fa mimoriadnu hydrat\u00e1ciu a pohodlie. \u0160o\u0161ovky Miru predstavuj\u00fa pokro\u010dil\u00fa technol\u00f3giu spracovania dokonale hladk\u00e9ho povrchu, ktor\u00fd zlep\u0161uje hydrat\u00e1ciu, redukuje tvorbu lipidov\u00fdch a prote\u00ednov\u00fdch usaden\u00edn a minimalizuje usadzovanie bak\u00e9ri\u00ed.<\/p>\n","protected":false},"excerpt":{"rendered":"<div>\n<div id=\"imCell_4\" class=\"imGrid[2, 2]\">\n<div id=\"imCellStyle_4\">\n<div id=\"imTextObject_4_tab0\" class=\"text-tab-content\">\n<div class=\"text-inner\">\n<h4>Miru\/6ks\/ Zakrivenie 8.6\/Priemer14,00<\/h4>\n<p>\u0160o\u0161oviek v krabi\u010dke: \u00a06<br \/>\nIndik\u00e1tor rub-<wbr \/>l\u00edc: \u00a0Nie<br \/>\nMateri\u00e1l: \u00a0Asmofilcon A<br \/>\nSo \u0161o\u0161ovkami sa m\u00f4\u017ee spa\u0165: \u00a0Nie<br \/>\nObsah vody: \u00a040 %<br \/>\nPriepustnos\u0165 pre kysl\u00edk: \u00a0161 Dk\/t<br \/>\nSilik\u00f3n-<wbr \/>hydrog\u00e9lov\u00e9: \u00a0\u00c1no<br \/>\nUV filter: \u00a0Nie<\/p>\n<p><span class=\"ff1 fs20\">Zafarbenie pre manipul\u00e1ciu: \u00a0\u00c1no<br \/>\nPriemer: \u00a014.00<br \/>\nRozsah dioptri\u00ed: \u00a0od &#8211;<wbr \/>13.00 do +6.00<br \/>\nZakrivenie: \u00a08.3, 8.6<br \/>\nExpir\u00e1cia: \u00a0Najmenej <\/span><span class=\"ff0 fs20\">11<\/span><span class=\"ff1 fs20\"> mesiacov<br \/>\nV\u00fdrobca: Menicon<\/span><\/p>\n<\/div>\n<\/div>\n<\/div>\n<\/div>\n<\/div>\n<p>&nbsp;<\/p>\n","protected":false},"featured_media":270,"template":"","meta":[],"product_brand":[],"product_cat":[15,17],"product_tag":[],"class_list":{"0":"post-200","1":"product","2":"type-product","3":"status-publish","4":"has-post-thumbnail","6":"product_cat-kontaktne-sosovky","7":"product_cat-kontaktne-sosovky-mesacne","9":"first","10":"instock","11":"taxable","12":"shipping-taxable","13":"purchasable","14":"product-type-variable"},"_links":{"self":[{"href":"https:\/\/optikapm.eu\/obchod\/wp-json\/wp\/v2\/product\/200","targetHints":{"allow":["GET"]}}],"collection":[{"href":"https:\/\/optikapm.eu\/obchod\/wp-json\/wp\/v2\/product"}],"about":[{"href":"https:\/\/optikapm.eu\/obchod\/wp-json\/wp\/v2\/types\/product"}],"wp:featuredmedia":[{"embeddable":true,"href":"https:\/\/optikapm.eu\/obchod\/wp-json\/wp\/v2\/media\/270"}],"wp:attachment":[{"href":"https:\/\/optikapm.eu\/obchod\/wp-json\/wp\/v2\/media?parent=200"}],"wp:term":[{"taxonomy":"product_brand","embeddable":true,"href":"https:\/\/optikapm.eu\/obchod\/wp-json\/wp\/v2\/product_brand?post=200"},{"taxonomy":"product_cat","embeddable":true,"href":"https:\/\/optikapm.eu\/obchod\/wp-json\/wp\/v2\/product_cat?post=200"},{"taxonomy":"product_tag","embeddable":true,"href":"https:\/\/optikapm.eu\/obchod\/wp-json\/wp\/v2\/product_tag?post=200"}],"curies":[{"name":"wp","href":"https:\/\/api.w.org\/{rel}","templated":true}]}}