{"id":341,"date":"2022-04-13T16:39:08","date_gmt":"2022-04-13T16:39:08","guid":{"rendered":"https:\/\/optikapm.eu\/obchod\/?post_type=product&#038;p=341"},"modified":"2022-04-16T06:49:31","modified_gmt":"2022-04-16T06:49:31","slug":"biofinity-coopervision-mesacne-kontaktne-sosovky-3ks","status":"publish","type":"product","link":"https:\/\/optikapm.eu\/obchod\/produkt\/biofinity-coopervision-mesacne-kontaktne-sosovky-3ks\/","title":{"rendered":"Biofinity CooperVision &#8211; MESA\u010cN\u00c9 kontaktn\u00e9 \u0161o\u0161ovky 3ks"},"content":{"rendered":"<p>Biofinity s\u00fa modern\u00e9 silik\u00f3n-<wbr \/>hydrog\u00e9lov\u00e9 kontaktn\u00e9 \u0161o\u0161ovky, ktor\u00e9 spolu s nadpriemernou priepustnos\u0165ou kysl\u00edka pon\u00fakaj\u00fa s\u00fa\u010dasne vysok\u00fd obsah vody. Doprajte si luxus s mesa\u010dn\u00fdmi \u0161o\u0161ovkami Biofinity od spolo\u010dnosti CooperVision a unaven\u00e9 o\u010di bud\u00fa u\u017e len nepr\u00edjemnou spo\u00admienkou.<br \/>\nJedine\u010dn\u00e1 technol\u00f3gia Aquaform zaist\u00ed va\u0161im o\u010diam po cel\u00fd de\u0148 dokonal\u00fa hydrat\u00e1ciu. \u010ci u\u017e budete \u0161portova\u0165, pracova\u0165 na po\u010d\u00edta\u010di, alebo tr\u00e1vi\u0165 de\u0148 pri ob\u013e\u00fabenej knihe. \u017diadne such\u00e9 o\u010di, \u017eiadne podr\u00e1\u017edenie ani za\u010dervenanie.<br \/>\nV\u010faka men\u0161iemu mno\u017estvu silik\u00f3nu navy\u0161e \u0161o\u0161ovky Biofinity lep\u0161ie prep\u00fa\u0161\u0165aj\u00fa kysl\u00edk a t\u00fdm pom\u00e1haj\u00fa udr\u017eaniu zdrav\u00fdch o\u010d\u00ed a jasn\u00e9ho videnia. S\u00fa ur\u010den\u00e9 na denn\u00e9 nosenie s mesa\u010dnou v\u00fdmenou, po konzult\u00e1cii s o\u010dn\u00fdm \u0161pecialistom v\u0161ak m\u00f4\u017eete \u0161o\u0161ovky Biofinity nosi\u0165 aj kontinu\u00e1lne.<br \/>\nTeraz m\u00f4\u017eete po konzult\u00e1cii s lek\u00e1rom vysk\u00fa\u0161a\u0165 nov\u00e9 kontaktn\u00e9 \u0161o\u0161ovky Biofinity Energys, ktor\u00e9 boli \u0161peci\u00e1lne navrhnut\u00e9 tak, aby vyhovovali n\u00e1rokom \u017eivota v dne\u0161nom digit\u00e1lnom svete.<\/p>\n","protected":false},"excerpt":{"rendered":"<div id=\"imCell_4\" class=\"imGrid[2, 2]\">\n<div id=\"imCellStyle_4\">\n<div id=\"imTextObject_4_tab0\" class=\"text-tab-content\">\n<div class=\"text-inner\">\n<h4>Biofinity CooperVision\/3ks\/ Zakrivenie 8.6\/Priemer14,00<\/h4>\n<p>Indik\u00e1tor rub-l\u00edc: \u00a0Nie<br \/>\nMateri\u00e1l: \u00a0Comfilcon A<br \/>\nSo \u0161o\u0161ovkami sa m\u00f4\u017ee spa\u0165: \u00a0\u00c1no<br \/>\nObsah vody: \u00a048 %<br \/>\nPriepustnos\u0165 pre kysl\u00edk: \u00a0160 Dk\/t<br \/>\nSilik\u00f3n-hydrog\u00e9lov\u00e9: \u00a0\u00c1no<br \/>\nUV filter: \u00a0Nie<br \/>\nZafarbenie pre manipul\u00e1ciu: \u00a0\u00c1no<br \/>\nPriemer: \u00a014.0<br \/>\nRozsah dioptri\u00ed: \u00a0od -12.0 do +8.0<br \/>\nZakrivenie: \u00a08.6<br \/>\nModul pru\u017enosti: \u00a00.75 MPa<br \/>\nStredov\u00e1 hr\u00fabka: \u00a00.08 mm<br \/>\nExpir\u00e1cia: \u00a0Najmenej 24 mesiacov<br \/>\nV\u00fdrobca: \u00a0CooperVision<\/p>\n<\/div>\n<\/div>\n<\/div>\n<\/div>\n","protected":false},"featured_media":339,"template":"","meta":[],"product_brand":[],"product_cat":[15,17],"product_tag":[],"class_list":{"0":"post-341","1":"product","2":"type-product","3":"status-publish","4":"has-post-thumbnail","6":"product_cat-kontaktne-sosovky","7":"product_cat-kontaktne-sosovky-mesacne","9":"first","10":"instock","11":"taxable","12":"shipping-taxable","13":"purchasable","14":"product-type-variable"},"_links":{"self":[{"href":"https:\/\/optikapm.eu\/obchod\/wp-json\/wp\/v2\/product\/341","targetHints":{"allow":["GET"]}}],"collection":[{"href":"https:\/\/optikapm.eu\/obchod\/wp-json\/wp\/v2\/product"}],"about":[{"href":"https:\/\/optikapm.eu\/obchod\/wp-json\/wp\/v2\/types\/product"}],"wp:featuredmedia":[{"embeddable":true,"href":"https:\/\/optikapm.eu\/obchod\/wp-json\/wp\/v2\/media\/339"}],"wp:attachment":[{"href":"https:\/\/optikapm.eu\/obchod\/wp-json\/wp\/v2\/media?parent=341"}],"wp:term":[{"taxonomy":"product_brand","embeddable":true,"href":"https:\/\/optikapm.eu\/obchod\/wp-json\/wp\/v2\/product_brand?post=341"},{"taxonomy":"product_cat","embeddable":true,"href":"https:\/\/optikapm.eu\/obchod\/wp-json\/wp\/v2\/product_cat?post=341"},{"taxonomy":"product_tag","embeddable":true,"href":"https:\/\/optikapm.eu\/obchod\/wp-json\/wp\/v2\/product_tag?post=341"}],"curies":[{"name":"wp","href":"https:\/\/api.w.org\/{rel}","templated":true}]}}