{"id":3836,"date":"2022-04-23T17:58:44","date_gmt":"2022-04-23T17:58:44","guid":{"rendered":"https:\/\/optikapm.eu\/obchod\/?post_type=product&#038;p=3836"},"modified":"2022-04-23T17:58:44","modified_gmt":"2022-04-23T17:58:44","slug":"lupa-s-led-osvetlenim-501237","status":"publish","type":"product","link":"https:\/\/optikapm.eu\/obchod\/produkt\/lupa-s-led-osvetlenim-501237\/","title":{"rendered":"Lupa s led osvetlen\u00edm 501237"},"content":{"rendered":"","protected":false},"excerpt":{"rendered":"<p>Ozna\u010denie: lupa s led osvetlen\u00edm, s ergonomickou gumovou rukov\u00e4\u0165ou<br \/>\nTvar: gu\u013eat\u00e1<br \/>\nZv\u00e4\u010d\u0161enie: 2,5x<br \/>\nPriemer \u0161o\u0161ovky: 75 mm<br \/>\nMateri\u00e1l \u0161o\u0161ovky: akryl\u00e1tov\u00e9 sklo<br \/>\nMateri\u00e1l r\u00e1m\u010deka: bez<br \/>\nMateri\u00e1l rukov\u00e4te : plast \u0161ed\u00fd \/ s ergonomickou gumovou rukov\u00e4\u0165ou<br \/>\nPrevedenie lupy: jednoduch\u00e1 \u0161o\u0161ovka<br \/>\nFarba r\u00e1m\u010deka: bez<\/p>\n","protected":false},"featured_media":3837,"template":"","meta":[],"product_brand":[],"product_cat":[29],"product_tag":[],"class_list":{"0":"post-3836","1":"product","2":"type-product","3":"status-publish","4":"has-post-thumbnail","6":"product_cat-lupy","8":"first","9":"instock","10":"taxable","11":"shipping-taxable","12":"purchasable","13":"product-type-simple"},"_links":{"self":[{"href":"https:\/\/optikapm.eu\/obchod\/wp-json\/wp\/v2\/product\/3836","targetHints":{"allow":["GET"]}}],"collection":[{"href":"https:\/\/optikapm.eu\/obchod\/wp-json\/wp\/v2\/product"}],"about":[{"href":"https:\/\/optikapm.eu\/obchod\/wp-json\/wp\/v2\/types\/product"}],"wp:featuredmedia":[{"embeddable":true,"href":"https:\/\/optikapm.eu\/obchod\/wp-json\/wp\/v2\/media\/3837"}],"wp:attachment":[{"href":"https:\/\/optikapm.eu\/obchod\/wp-json\/wp\/v2\/media?parent=3836"}],"wp:term":[{"taxonomy":"product_brand","embeddable":true,"href":"https:\/\/optikapm.eu\/obchod\/wp-json\/wp\/v2\/product_brand?post=3836"},{"taxonomy":"product_cat","embeddable":true,"href":"https:\/\/optikapm.eu\/obchod\/wp-json\/wp\/v2\/product_cat?post=3836"},{"taxonomy":"product_tag","embeddable":true,"href":"https:\/\/optikapm.eu\/obchod\/wp-json\/wp\/v2\/product_tag?post=3836"}],"curies":[{"name":"wp","href":"https:\/\/api.w.org\/{rel}","templated":true}]}}