{"id":5622,"date":"2022-04-24T07:21:02","date_gmt":"2022-04-24T07:21:02","guid":{"rendered":"https:\/\/optikapm.eu\/obchod\/?post_type=product&#038;p=5622"},"modified":"2022-04-26T05:55:17","modified_gmt":"2022-04-26T05:55:17","slug":"alfa-line-1072-003-nahradne-okuliare","status":"publish","type":"product","link":"https:\/\/optikapm.eu\/obchod\/produkt\/alfa-line-1072-003-nahradne-okuliare\/","title":{"rendered":"ALFA-LINE 1072 003 N\u00e1hradn\u00e9 okuliare"},"content":{"rendered":"<p>ALFA-LINE je rada n\u00e1hradn\u00fdch okuliarov, ktor\u00e9 pozost\u00e1vaj\u00fa z kvalitn\u00e9ho r\u00e1mu a okuliarov\u00fdch \u0161o\u0161oviek. Nie s\u00fa to takzvan\u00e9 &#8222;jednor\u00e1zovky&#8220;<\/p>\n<p>Dioptrick\u00fd rozsah -4,00D a\u017e +4,00D s dodato\u010dne menite\u013en\u00fdmi \u0161o\u0161ovkami.<\/p>\n<p>Vybra\u0165 si m\u00f4\u017eete z roznych typov \u0161o\u0161oviek<\/p>\n<ul>\n<li>Tvrden\u00e9 \u0161o\u0161ovky<\/li>\n<li>Antireflexn\u00e9 \u0161o\u0161ovky<\/li>\n<li>BlueControl \u0161o\u0161ovky<\/li>\n<\/ul>\n","protected":false},"excerpt":{"rendered":"<p><span class=\"ff1 cf0 fs20\">Model:<\/span> 1072 002<span class=\"ff1 fs20\"><br \/>\nSize: 53 \u25a1 18-135<\/span><span class=\"cf0 ff1 fs20\"><br \/>\nColor:<\/span> brown\/gold\/brown<\/p>\n","protected":false},"featured_media":5722,"template":"","meta":[],"product_brand":[],"product_cat":[25],"product_tag":[],"class_list":{"0":"post-5622","1":"product","2":"type-product","3":"status-publish","4":"has-post-thumbnail","6":"product_cat-okuliare","8":"first","9":"instock","10":"taxable","11":"shipping-taxable","12":"purchasable","13":"product-type-variable","14":"has-default-attributes"},"_links":{"self":[{"href":"https:\/\/optikapm.eu\/obchod\/wp-json\/wp\/v2\/product\/5622","targetHints":{"allow":["GET"]}}],"collection":[{"href":"https:\/\/optikapm.eu\/obchod\/wp-json\/wp\/v2\/product"}],"about":[{"href":"https:\/\/optikapm.eu\/obchod\/wp-json\/wp\/v2\/types\/product"}],"wp:featuredmedia":[{"embeddable":true,"href":"https:\/\/optikapm.eu\/obchod\/wp-json\/wp\/v2\/media\/5722"}],"wp:attachment":[{"href":"https:\/\/optikapm.eu\/obchod\/wp-json\/wp\/v2\/media?parent=5622"}],"wp:term":[{"taxonomy":"product_brand","embeddable":true,"href":"https:\/\/optikapm.eu\/obchod\/wp-json\/wp\/v2\/product_brand?post=5622"},{"taxonomy":"product_cat","embeddable":true,"href":"https:\/\/optikapm.eu\/obchod\/wp-json\/wp\/v2\/product_cat?post=5622"},{"taxonomy":"product_tag","embeddable":true,"href":"https:\/\/optikapm.eu\/obchod\/wp-json\/wp\/v2\/product_tag?post=5622"}],"curies":[{"name":"wp","href":"https:\/\/api.w.org\/{rel}","templated":true}]}}