{"id":6252,"date":"2022-06-08T16:57:53","date_gmt":"2022-06-08T16:57:53","guid":{"rendered":"https:\/\/optikapm.eu\/obchod\/?post_type=product&#038;p=6252"},"modified":"2022-06-08T17:05:46","modified_gmt":"2022-06-08T17:05:46","slug":"ultra-cleaner-industry","status":"publish","type":"product","link":"https:\/\/optikapm.eu\/obchod\/produkt\/ultra-cleaner-industry\/","title":{"rendered":"ULTRA CLEANER INDUSTRY \u010distiaci prostriedok na okuliare"},"content":{"rendered":"<p>\u010cistiaci prostriedok na okuliare do na\u0301roc\u030cne\u0301ho priemyselne\u0301ho prostredia, so siln\u00fdm \u010distiacim \u00fa\u010dinkom. Spo\u013eahlivo odstra\u0148uje z okuliarov prachov\u00e9 \u010dastice, odtla\u010dky prstov, pot, mastnoty a in\u00e9 ne\u010distoty. Zanech\u00e1va kri\u0161t\u00e1\u013eovo \u010dist\u00fd efekt zorn\u00edkov bez \u0161m\u00fah<\/p>\n","protected":false},"excerpt":{"rendered":"<div class=\"page\" title=\"Page 4\">\n<div class=\"section\">\n<div class=\"layoutArea\">\n<div class=\"column\">\n<ul>\n<li>C\u030cistiace prostriedky na okuliare pre bez\u030cne\u0301 c\u030cistenie alebo s extra silny\u0301m u\u0301c\u030cinkom do na\u0301roc\u030cne\u0301ho priemyselne\u0301ho prostredia.<\/li>\n<li>Nie su\u0301 abrazi\u0301vne, nezanecha\u0301vaju\u0301 s\u030cmuhy &#8211; kris\u030cta\u0301l\u030covo c\u030cisty\u0301 efekt.<\/li>\n<li>Neobsahuju\u0301 siliko\u0301n, su\u0301 s\u030cetrne\u0301 k z\u030civotne\u0301mu prostrediu.<\/li>\n<li>Vhodne\u0301 pre vs\u030cetky typy okuliarovy\u0301ch s\u030cos\u030coviek 100% a zorni\u0301kov z organicke\u0301ho plastu, polykarbona\u0301tu\u00a0a minera\u0301lneho skla.<\/li>\n<\/ul>\n<div class=\"page\" title=\"Page 4\">\n<div class=\"section\"><\/div>\n<\/div>\n<\/div>\n<\/div>\n<\/div>\n<\/div>\n","protected":false},"featured_media":6250,"template":"","meta":[],"product_brand":[],"product_cat":[36],"product_tag":[],"class_list":{"0":"post-6252","1":"product","2":"type-product","3":"status-publish","4":"has-post-thumbnail","6":"product_cat-firmy","8":"first","9":"onbackorder","10":"taxable","11":"shipping-taxable","12":"product-type-variable"},"_links":{"self":[{"href":"https:\/\/optikapm.eu\/obchod\/wp-json\/wp\/v2\/product\/6252","targetHints":{"allow":["GET"]}}],"collection":[{"href":"https:\/\/optikapm.eu\/obchod\/wp-json\/wp\/v2\/product"}],"about":[{"href":"https:\/\/optikapm.eu\/obchod\/wp-json\/wp\/v2\/types\/product"}],"wp:featuredmedia":[{"embeddable":true,"href":"https:\/\/optikapm.eu\/obchod\/wp-json\/wp\/v2\/media\/6250"}],"wp:attachment":[{"href":"https:\/\/optikapm.eu\/obchod\/wp-json\/wp\/v2\/media?parent=6252"}],"wp:term":[{"taxonomy":"product_brand","embeddable":true,"href":"https:\/\/optikapm.eu\/obchod\/wp-json\/wp\/v2\/product_brand?post=6252"},{"taxonomy":"product_cat","embeddable":true,"href":"https:\/\/optikapm.eu\/obchod\/wp-json\/wp\/v2\/product_cat?post=6252"},{"taxonomy":"product_tag","embeddable":true,"href":"https:\/\/optikapm.eu\/obchod\/wp-json\/wp\/v2\/product_tag?post=6252"}],"curies":[{"name":"wp","href":"https:\/\/api.w.org\/{rel}","templated":true}]}}